{"id":1561,"date":"2017-01-09T18:19:01","date_gmt":"2017-01-09T17:19:01","guid":{"rendered":"http:\/\/ecomuseomalesco.it\/carnevale-cassetta-degli-attrezzi-disposizione-della-comunita\/"},"modified":"2017-06-13T12:34:50","modified_gmt":"2017-06-13T10:34:50","slug":"carnival-toolbox-available-community","status":"publish","type":"page","link":"https:\/\/ecomuseomalesco.it\/en\/carnival-toolbox-available-community\/","title":{"rendered":"The carnival: a toolbox available to the community"},"content":{"rendered":"[spb_row wrap_type=&#8221;content-width&#8221; row_bg_type=&#8221;color&#8221; color_row_height=&#8221;content-height&#8221; bg_type=&#8221;cover&#8221; parallax_image_height=&#8221;content-height&#8221; parallax_image_movement=&#8221;fixed&#8221; parallax_image_speed=&#8221;0.5&#8243; parallax_video_height=&#8221;window-height&#8221; parallax_video_overlay=&#8221;none&#8221; row_overlay_opacity=&#8221;0&#8243; row_padding_vertical=&#8221;0&#8243; row_padding_horizontal=&#8221;0&#8243; row_margin_vertical=&#8221;0&#8243; remove_element_spacing=&#8221;yes&#8221; inner_column_height=&#8221;col-natural&#8221; width=&#8221;1\/1&#8243; el_position=&#8221;first last&#8221;] [spb_text_block pb_margin_bottom=&#8221;no&#8221; pb_border_bottom=&#8221;no&#8221; width=&#8221;1\/1&#8243; el_position=&#8221;first last&#8221;]\n<p><img loading=\"lazy\" class=\"alignleft size-large wp-image-1098\" src=\"http:\/\/ecomuseomalesco.it\/wp-content\/uploads\/2016\/07\/carnevale_ph-Giorgia-Bregamaschi_archivio-carnevale_ecomuseo-malesco-1024x695.jpg\" alt=\"carnevale ph giorgia bregamaschi archivio carnevale ecomuseo malesco\" width=\"1024\" height=\"695\" srcset=\"https:\/\/ecomuseomalesco.it\/wp-content\/uploads\/2016\/07\/carnevale_ph-Giorgia-Bregamaschi_archivio-carnevale_ecomuseo-malesco-1024x695.jpg 1024w, https:\/\/ecomuseomalesco.it\/wp-content\/uploads\/2016\/07\/carnevale_ph-Giorgia-Bregamaschi_archivio-carnevale_ecomuseo-malesco-300x204.jpg 300w, https:\/\/ecomuseomalesco.it\/wp-content\/uploads\/2016\/07\/carnevale_ph-Giorgia-Bregamaschi_archivio-carnevale_ecomuseo-malesco-768x522.jpg 768w, https:\/\/ecomuseomalesco.it\/wp-content\/uploads\/2016\/07\/carnevale_ph-Giorgia-Bregamaschi_archivio-carnevale_ecomuseo-malesco-220x150.jpg 220w, https:\/\/ecomuseomalesco.it\/wp-content\/uploads\/2016\/07\/carnevale_ph-Giorgia-Bregamaschi_archivio-carnevale_ecomuseo-malesco-31x21.jpg 31w, https:\/\/ecomuseomalesco.it\/wp-content\/uploads\/2016\/07\/carnevale_ph-Giorgia-Bregamaschi_archivio-carnevale_ecomuseo-malesco.jpg 1131w\" sizes=\"(max-width: 1024px) 100vw, 1024px\" \/><\/p>\n[\/spb_text_block] [spb_text_block pb_margin_bottom=&#8221;no&#8221; pb_border_bottom=&#8221;no&#8221; width=&#8221;1\/1&#8243; el_position=&#8221;first last&#8221;]\n<h1 style=\"text-align: center;\">The carnival<\/h1>\n[\/spb_text_block] [blank_spacer height=&#8221;20px&#8221; width=&#8221;1\/1&#8243; el_position=&#8221;first last&#8221;] [\/spb_row] [spb_row wrap_type=&#8221;content-width&#8221; row_bg_type=&#8221;color&#8221; row_bg_color=&#8221;#ffc010&#8243; color_row_height=&#8221;content-height&#8221; bg_type=&#8221;cover&#8221; parallax_image_height=&#8221;content-height&#8221; parallax_image_movement=&#8221;fixed&#8221; parallax_image_speed=&#8221;0.5&#8243; parallax_video_height=&#8221;window-height&#8221; parallax_video_overlay=&#8221;none&#8221; row_overlay_opacity=&#8221;0&#8243; row_padding_vertical=&#8221;0&#8243; row_padding_horizontal=&#8221;0&#8243; row_margin_vertical=&#8221;0&#8243; remove_element_spacing=&#8221;yes&#8221; inner_column_height=&#8221;col-natural&#8221; width=&#8221;1\/1&#8243; el_position=&#8221;first last&#8221;] [spb_text_block pb_margin_bottom=&#8221;no&#8221; pb_border_bottom=&#8221;no&#8221; el_class=&#8221;mb0 mt0&#8243; width=&#8221;1\/1&#8243; el_position=&#8221;first last&#8221;]\n<h2 style=\"text-align: center;\"><span id=\"result_box\" class=\"short_text\" lang=\"en\"><span class=\"\">A toolbox available to the community<\/span><\/span><\/h2>\n[\/spb_text_block] [\/spb_row] [blank_spacer height=&#8221;20px&#8221; width=&#8221;1\/1&#8243; el_position=&#8221;first last&#8221;] [spb_text_block pb_margin_bottom=&#8221;no&#8221; pb_border_bottom=&#8221;no&#8221; width=&#8221;1\/1&#8243; el_position=&#8221;first last&#8221;]\n<p><span id=\"result_box\" class=\"\" lang=\"en\"><span title=\"Nadia Caretti cos\u00ec definisce l\u2019Ecomuseo di Malesco, nella sua tesi dedicata al paese e al suo Carnevale storico. \">Nadia Caretti so defines the Ecomuseum of Malesco, in his thesis dedicated to the town and its historical Carnival.<br \/>\n<\/span><span title=\"L'Ecomuseo come strumento di tutela e di valorizzazione \u00e8 a diposizione della comunit\u00e0, ne interpreta i bisogni ed \u00e8 l\u00ec come afferma: \u201cuna sorta di cassetta per gli attrezzi a cui la comunit\u00e0 pu\u00f2 con fiducia affidare gli elementi rituali ei saperi che ha scelto\">The Ecomuseum as a tool for protection and enhancement, is available for the community, understands its needs and is : &#8220;a sort of toolbox to which the community can confidently entrust the ritual elements and the knowledge they chose to tempor<\/span><span title=\"momentaneamente di accantonare, sicura che verranno conservati e valorizzati, pronti ad essere nuovamente messi in campo dagli uomini e dalle donne maleschesi che, come i bricoleur di L\u00e8vi-Strauss, ristrutturano e rifunzionalizzano senza soluzione di continuit\u00e0 la propria tradizione\u201d. \">arily set aside, being sure they will be preserved and valued, ready to be re-fielded by men and women of Malesco who, like the bricoleurs of L\u00e8vi-Strauss, refurbish and regenerate their tradition. &#8220;<\/span><\/span><\/p>\n<p><span title=\"Oggi questo elaborato, grazie al contributo del comitato carnevale, \u00e8 diventato un libro dal titolo Il Carnevale di Malesco, patrimonio della comunit\u00e0 (Meti Edizioni) ed \u00e8 scelto come testo di studio per il corso di Antropologia Culturale del corso di laurea triennale in Lingue e\">Today, thanks to the contribution of the Carnival Committee, this paper has become a book titled <em><strong>The Carnival of Malesco, a community heritage<\/strong> <\/em>(Meti Edizioni), and is chosen as a textbook for the Cultural Anthropology course of the three-year degree in Languages \u200b\u200band <\/span><span title=\"culture per il turismo dell'Universit\u00e0 degli Studi di Torino. \">Culture for tourism at the University of Turin.<br \/>\n<\/span><span title=\"Il libro \u00e8 reperibile presso l\u2019ecomuseo che sta proseguendo un lavoro di archiviazione, iniziato nel 2013, in collaborazione con il Comitato carnevale.\">The book is available at the Ecomuseum, that is carryng on an archiving, started in 2013, in collaboration with the Carnival Committee. <\/span><span title=\"L\u2019intento \u00e8 di ampliare l\u2019archivio storico con l\u2019inclusione di fotografie, non necessariamente legate al Carnevale storico.\">The intention is to expand the historical archive with the inclusion of photographs, not necessarily linked to the historical Carnival.<\/span><\/p>\n[\/spb_text_block] [blank_spacer height=&#8221;20px&#8221; width=&#8221;1\/1&#8243; el_position=&#8221;first last&#8221;] [spb_text_block pb_margin_bottom=&#8221;no&#8221; pb_border_bottom=&#8221;no&#8221; width=&#8221;1\/1&#8243; el_position=&#8221;first last&#8221;]\n<hr \/>\n<h3>I beni immateriali dell&#8217;Ecomuseo:<\/h3>\n[\/spb_text_block] [spb_text_block pb_margin_bottom=&#8221;no&#8221; pb_border_bottom=&#8221;no&#8221; width=&#8221;1\/3&#8243; el_position=&#8221;first&#8221;]\n<h3><img loading=\"lazy\" class=\"alignnone size-medium wp-image-1099\" src=\"http:\/\/ecomuseomalesco.it\/wp-content\/uploads\/2016\/07\/mulino_ph-marco-di-pietro_ecomuseo-malesco-300x183.jpg\" alt=\"mulino_ph-marco-di-pietro_ecomuseo-malesco\" width=\"300\" height=\"183\" srcset=\"https:\/\/ecomuseomalesco.it\/wp-content\/uploads\/2016\/07\/mulino_ph-marco-di-pietro_ecomuseo-malesco-300x183.jpg 300w, https:\/\/ecomuseomalesco.it\/wp-content\/uploads\/2016\/07\/mulino_ph-marco-di-pietro_ecomuseo-malesco-31x19.jpg 31w, https:\/\/ecomuseomalesco.it\/wp-content\/uploads\/2016\/07\/mulino_ph-marco-di-pietro_ecomuseo-malesco.jpg 587w\" sizes=\"(max-width: 300px) 100vw, 300px\" \/><\/h3>\n<h3>Zornasco<\/h3>\n<p><i><b>Because history is made up of many histories<\/b><\/i><\/p>\n<a class=\"sf-button standard accent standard \" href=\"http:\/\/ecomuseomalesco.it\/en\/zornasco-history-many-stories\/\" target=\"_self\"><span class=\"text\">See more<\/span><\/a>\n[\/spb_text_block] [spb_text_block pb_margin_bottom=&#8221;no&#8221; pb_border_bottom=&#8221;no&#8221; width=&#8221;1\/3&#8243; el_position=&#8221;last&#8221;]\n<h3><img loading=\"lazy\" class=\"alignnone size-medium wp-image-1100\" src=\"http:\/\/ecomuseomalesco.it\/wp-content\/uploads\/2016\/07\/accademia-runditt_ph-archivio-accademia_ecomuseo-malesco-300x200.jpg\" alt=\"accademia runditt ph archivio accademia ecomuseo malesco\" width=\"300\" height=\"200\" srcset=\"https:\/\/ecomuseomalesco.it\/wp-content\/uploads\/2016\/07\/accademia-runditt_ph-archivio-accademia_ecomuseo-malesco-300x200.jpg 300w, https:\/\/ecomuseomalesco.it\/wp-content\/uploads\/2016\/07\/accademia-runditt_ph-archivio-accademia_ecomuseo-malesco-768x512.jpg 768w, https:\/\/ecomuseomalesco.it\/wp-content\/uploads\/2016\/07\/accademia-runditt_ph-archivio-accademia_ecomuseo-malesco-31x21.jpg 31w, https:\/\/ecomuseomalesco.it\/wp-content\/uploads\/2016\/07\/accademia-runditt_ph-archivio-accademia_ecomuseo-malesco.jpg 960w\" sizes=\"(max-width: 300px) 100vw, 300px\" \/><\/h3>\n<h3>Runditt\u2019s Academy<\/h3>\n<p><i><b>When the community becomes a big family<\/b><\/i><\/p>\n<a class=\"sf-button standard accent standard \" href=\"http:\/\/ecomuseomalesco.it\/en\/academy-of-the-runditt\/\" target=\"_self\"><span class=\"text\">See more<\/span><\/a>\n[\/spb_text_block] [blank_spacer height=&#8221;30px&#8221; width=&#8221;1\/1&#8243; el_position=&#8221;first last&#8221;]\n","protected":false},"excerpt":{"rendered":"<p>[spb_row wrap_type=&#8221;content-width&#8221; row_bg_type=&#8221;color&#8221; color_row_height=&#8221;content-height&#8221; bg_type=&#8221;cover&#8221; parallax_image_height=&#8221;content-height&#8221; parallax_image_movement=&#8221;fixed&#8221; parallax_image_speed=&#8221;0.5&#8243; parallax_video_height=&#8221;window-height&#8221; parallax_video_overlay=&#8221;none&#8221; row_overlay_opacity=&#8221;0&#8243; row_padding_vertical=&#8221;0&#8243; row_padding_horizontal=&#8221;0&#8243; row_margin_vertical=&#8221;0&#8243; remove_element_spacing=&#8221;yes&#8221; inner_column_height=&#8221;col-natural&#8221; width=&#8221;1\/1&#8243; el_position=&#8221;first last&#8221;] [spb_text_block pb_margin_bottom=&#8221;no&#8221; pb_border_bottom=&#8221;no&#8221; width=&#8221;1\/1&#8243; el_position=&#8221;first last&#8221;] [\/spb_text_block] [spb_text_block pb_margin_bottom=&#8221;no&#8221; pb_border_bottom=&#8221;no&#8221; width=&#8221;1\/1&#8243; el_position=&#8221;first last&#8221;] The carnival [\/spb_text_block] [blank_spacer height=&#8221;20px&#8221; width=&#8221;1\/1&#8243; el_position=&#8221;first last&#8221;] [\/spb_row] [spb_row wrap_type=&#8221;content-width&#8221; row_bg_type=&#8221;color&#8221; row_bg_color=&#8221;#ffc010&#8243; color_row_height=&#8221;content-height&#8221; bg_type=&#8221;cover&#8221; parallax_image_height=&#8221;content-height&#8221; parallax_image_movement=&#8221;fixed&#8221; parallax_image_speed=&#8221;0.5&#8243; parallax_video_height=&#8221;window-height&#8221; parallax_video_overlay=&#8221;none&#8221; row_overlay_opacity=&#8221;0&#8243; row_padding_vertical=&#8221;0&#8243; row_padding_horizontal=&#8221;0&#8243; row_margin_vertical=&#8221;0&#8243; remove_element_spacing=&#8221;yes&#8221; inner_column_height=&#8221;col-natural&#8221; width=&#8221;1\/1&#8243; el_position=&#8221;first [&hellip;]<\/p>\n","protected":false},"author":1,"featured_media":1098,"parent":0,"menu_order":0,"comment_status":"closed","ping_status":"closed","template":"","meta":[],"yoast_head":"<!-- This site is optimized with the Yoast SEO plugin v16.8 - https:\/\/yoast.com\/wordpress\/plugins\/seo\/ -->\n<title>The carnival: a toolbox available to the community - Ecomuseum of Malesco<\/title>\n<meta name=\"description\" content=\"The Ecomuseum and historical carnival are a toolbox for protection and enhancement. Is available for the community and understands its needs.\" \/>\n<meta name=\"robots\" content=\"index, follow, max-snippet:-1, max-image-preview:large, max-video-preview:-1\" \/>\n<link rel=\"canonical\" href=\"https:\/\/ecomuseomalesco.it\/en\/carnevale-cassetta-degli-attrezzi-disposizione-della-comunita\/\" \/>\n<meta property=\"og:locale\" content=\"en_US\" \/>\n<meta property=\"og:type\" content=\"article\" \/>\n<meta property=\"og:title\" content=\"The carnival: a toolbox available to the community - Ecomuseum of Malesco\" \/>\n<meta property=\"og:description\" content=\"The Ecomuseum and historical carnival are a toolbox for protection and enhancement. Is available for the community and understands its needs.\" \/>\n<meta property=\"og:url\" content=\"https:\/\/ecomuseomalesco.it\/carnevale-cassetta-degli-attrezzi-disposizione-della-comunita\/\" \/>\n<meta property=\"og:site_name\" content=\"Ecomuseum of Malesco\" \/>\n<meta property=\"article:modified_time\" content=\"2017-06-13T10:34:50+00:00\" \/>\n<meta property=\"og:image\" content=\"https:\/\/ecomuseomalesco.it\/wp-content\/uploads\/2016\/07\/carnevale_ph-Giorgia-Bregamaschi_archivio-carnevale_ecomuseo-malesco.jpg\" \/>\n\t<meta property=\"og:image:width\" content=\"1131\" \/>\n\t<meta property=\"og:image:height\" content=\"768\" \/>\n<meta name=\"twitter:card\" content=\"summary\" \/>\n<meta name=\"twitter:label1\" content=\"Est. reading time\" \/>\n\t<meta name=\"twitter:data1\" content=\"3 minutes\" \/>\n<script type=\"application\/ld+json\" class=\"yoast-schema-graph\">{\"@context\":\"https:\/\/schema.org\",\"@graph\":[{\"@type\":\"WebSite\",\"@id\":\"https:\/\/ecomuseomalesco.it\/#website\",\"url\":\"https:\/\/ecomuseomalesco.it\/\",\"name\":\"Ecomuseum of Malesco\",\"description\":\"ed leuzerie e di skerpelit - un museo del tempo e dello spazio\",\"potentialAction\":[{\"@type\":\"SearchAction\",\"target\":{\"@type\":\"EntryPoint\",\"urlTemplate\":\"https:\/\/ecomuseomalesco.it\/?s={search_term_string}\"},\"query-input\":\"required name=search_term_string\"}],\"inLanguage\":\"en-US\"},{\"@type\":\"ImageObject\",\"@id\":\"https:\/\/ecomuseomalesco.it\/carnevale-cassetta-degli-attrezzi-disposizione-della-comunita\/#primaryimage\",\"inLanguage\":\"en-US\",\"url\":\"https:\/\/ecomuseomalesco.it\/wp-content\/uploads\/2016\/07\/carnevale_ph-Giorgia-Bregamaschi_archivio-carnevale_ecomuseo-malesco.jpg\",\"contentUrl\":\"https:\/\/ecomuseomalesco.it\/wp-content\/uploads\/2016\/07\/carnevale_ph-Giorgia-Bregamaschi_archivio-carnevale_ecomuseo-malesco.jpg\",\"width\":1131,\"height\":768,\"caption\":\"carnevale ph giorgia bregamaschi archivio carnevale ecomuseo malesco\"},{\"@type\":\"WebPage\",\"@id\":\"https:\/\/ecomuseomalesco.it\/carnevale-cassetta-degli-attrezzi-disposizione-della-comunita\/#webpage\",\"url\":\"https:\/\/ecomuseomalesco.it\/carnevale-cassetta-degli-attrezzi-disposizione-della-comunita\/\",\"name\":\"The carnival: a toolbox available to the community - Ecomuseum of Malesco\",\"isPartOf\":{\"@id\":\"https:\/\/ecomuseomalesco.it\/#website\"},\"primaryImageOfPage\":{\"@id\":\"https:\/\/ecomuseomalesco.it\/carnevale-cassetta-degli-attrezzi-disposizione-della-comunita\/#primaryimage\"},\"datePublished\":\"2017-01-09T17:19:01+00:00\",\"dateModified\":\"2017-06-13T10:34:50+00:00\",\"description\":\"The Ecomuseum and historical carnival are a toolbox for protection and enhancement. Is available for the community and understands its needs.\",\"breadcrumb\":{\"@id\":\"https:\/\/ecomuseomalesco.it\/carnevale-cassetta-degli-attrezzi-disposizione-della-comunita\/#breadcrumb\"},\"inLanguage\":\"en-US\",\"potentialAction\":[{\"@type\":\"ReadAction\",\"target\":[\"https:\/\/ecomuseomalesco.it\/carnevale-cassetta-degli-attrezzi-disposizione-della-comunita\/\"]}]},{\"@type\":\"BreadcrumbList\",\"@id\":\"https:\/\/ecomuseomalesco.it\/carnevale-cassetta-degli-attrezzi-disposizione-della-comunita\/#breadcrumb\",\"itemListElement\":[{\"@type\":\"ListItem\",\"position\":1,\"name\":\"Home\",\"item\":\"https:\/\/ecomuseomalesco.it\/\"},{\"@type\":\"ListItem\",\"position\":2,\"name\":\"The carnival: a toolbox available to the community\"}]}]}<\/script>\n<!-- \/ Yoast SEO plugin. -->","yoast_head_json":{"title":"The carnival: a toolbox available to the community - Ecomuseum of Malesco","description":"The Ecomuseum and historical carnival are a toolbox for protection and enhancement. Is available for the community and understands its needs.","robots":{"index":"index","follow":"follow","max-snippet":"max-snippet:-1","max-image-preview":"max-image-preview:large","max-video-preview":"max-video-preview:-1"},"canonical":"https:\/\/ecomuseomalesco.it\/en\/carnevale-cassetta-degli-attrezzi-disposizione-della-comunita\/","og_locale":"en_US","og_type":"article","og_title":"The carnival: a toolbox available to the community - Ecomuseum of Malesco","og_description":"The Ecomuseum and historical carnival are a toolbox for protection and enhancement. Is available for the community and understands its needs.","og_url":"https:\/\/ecomuseomalesco.it\/carnevale-cassetta-degli-attrezzi-disposizione-della-comunita\/","og_site_name":"Ecomuseum of Malesco","article_modified_time":"2017-06-13T10:34:50+00:00","og_image":[{"width":1131,"height":768,"url":"https:\/\/ecomuseomalesco.it\/wp-content\/uploads\/2016\/07\/carnevale_ph-Giorgia-Bregamaschi_archivio-carnevale_ecomuseo-malesco.jpg","path":"\/home\/ecomus3\/public_html\/wp-content\/uploads\/2016\/07\/carnevale_ph-Giorgia-Bregamaschi_archivio-carnevale_ecomuseo-malesco.jpg","size":"full","id":1098,"alt":"carnevale ph giorgia bregamaschi archivio carnevale ecomuseo malesco","pixels":868608,"type":"image\/jpeg"}],"twitter_card":"summary","twitter_misc":{"Est. reading time":"3 minutes"},"schema":{"@context":"https:\/\/schema.org","@graph":[{"@type":"WebSite","@id":"https:\/\/ecomuseomalesco.it\/#website","url":"https:\/\/ecomuseomalesco.it\/","name":"Ecomuseum of Malesco","description":"ed leuzerie e di skerpelit - un museo del tempo e dello spazio","potentialAction":[{"@type":"SearchAction","target":{"@type":"EntryPoint","urlTemplate":"https:\/\/ecomuseomalesco.it\/?s={search_term_string}"},"query-input":"required name=search_term_string"}],"inLanguage":"en-US"},{"@type":"ImageObject","@id":"https:\/\/ecomuseomalesco.it\/carnevale-cassetta-degli-attrezzi-disposizione-della-comunita\/#primaryimage","inLanguage":"en-US","url":"https:\/\/ecomuseomalesco.it\/wp-content\/uploads\/2016\/07\/carnevale_ph-Giorgia-Bregamaschi_archivio-carnevale_ecomuseo-malesco.jpg","contentUrl":"https:\/\/ecomuseomalesco.it\/wp-content\/uploads\/2016\/07\/carnevale_ph-Giorgia-Bregamaschi_archivio-carnevale_ecomuseo-malesco.jpg","width":1131,"height":768,"caption":"carnevale ph giorgia bregamaschi archivio carnevale ecomuseo malesco"},{"@type":"WebPage","@id":"https:\/\/ecomuseomalesco.it\/carnevale-cassetta-degli-attrezzi-disposizione-della-comunita\/#webpage","url":"https:\/\/ecomuseomalesco.it\/carnevale-cassetta-degli-attrezzi-disposizione-della-comunita\/","name":"The carnival: a toolbox available to the community - Ecomuseum of Malesco","isPartOf":{"@id":"https:\/\/ecomuseomalesco.it\/#website"},"primaryImageOfPage":{"@id":"https:\/\/ecomuseomalesco.it\/carnevale-cassetta-degli-attrezzi-disposizione-della-comunita\/#primaryimage"},"datePublished":"2017-01-09T17:19:01+00:00","dateModified":"2017-06-13T10:34:50+00:00","description":"The Ecomuseum and historical carnival are a toolbox for protection and enhancement. Is available for the community and understands its needs.","breadcrumb":{"@id":"https:\/\/ecomuseomalesco.it\/carnevale-cassetta-degli-attrezzi-disposizione-della-comunita\/#breadcrumb"},"inLanguage":"en-US","potentialAction":[{"@type":"ReadAction","target":["https:\/\/ecomuseomalesco.it\/carnevale-cassetta-degli-attrezzi-disposizione-della-comunita\/"]}]},{"@type":"BreadcrumbList","@id":"https:\/\/ecomuseomalesco.it\/carnevale-cassetta-degli-attrezzi-disposizione-della-comunita\/#breadcrumb","itemListElement":[{"@type":"ListItem","position":1,"name":"Home","item":"https:\/\/ecomuseomalesco.it\/"},{"@type":"ListItem","position":2,"name":"The carnival: a toolbox available to the community"}]}]}},"acf":[],"_links":{"self":[{"href":"https:\/\/ecomuseomalesco.it\/en\/wp-json\/wp\/v2\/pages\/1561"}],"collection":[{"href":"https:\/\/ecomuseomalesco.it\/en\/wp-json\/wp\/v2\/pages"}],"about":[{"href":"https:\/\/ecomuseomalesco.it\/en\/wp-json\/wp\/v2\/types\/page"}],"author":[{"embeddable":true,"href":"https:\/\/ecomuseomalesco.it\/en\/wp-json\/wp\/v2\/users\/1"}],"replies":[{"embeddable":true,"href":"https:\/\/ecomuseomalesco.it\/en\/wp-json\/wp\/v2\/comments?post=1561"}],"version-history":[{"count":5,"href":"https:\/\/ecomuseomalesco.it\/en\/wp-json\/wp\/v2\/pages\/1561\/revisions"}],"predecessor-version":[{"id":2346,"href":"https:\/\/ecomuseomalesco.it\/en\/wp-json\/wp\/v2\/pages\/1561\/revisions\/2346"}],"wp:featuredmedia":[{"embeddable":true,"href":"https:\/\/ecomuseomalesco.it\/en\/wp-json\/wp\/v2\/media\/1098"}],"wp:attachment":[{"href":"https:\/\/ecomuseomalesco.it\/en\/wp-json\/wp\/v2\/media?parent=1561"}],"curies":[{"name":"wp","href":"https:\/\/api.w.org\/{rel}","templated":true}]}}