{"id":1570,"date":"2017-01-01T11:54:07","date_gmt":"2017-01-01T10:54:07","guid":{"rendered":"http:\/\/ecomuseomalesco.it\/antico-lavatoio\/"},"modified":"2017-06-13T14:17:29","modified_gmt":"2017-06-13T12:17:29","slug":"old-washroom","status":"publish","type":"page","link":"https:\/\/ecomuseomalesco.it\/en\/old-washroom\/","title":{"rendered":"The old washroom"},"content":{"rendered":"[spb_row wrap_type=&#8221;content-width&#8221; row_bg_type=&#8221;color&#8221; color_row_height=&#8221;content-height&#8221; bg_type=&#8221;cover&#8221; parallax_image_height=&#8221;content-height&#8221; parallax_image_movement=&#8221;fixed&#8221; parallax_image_speed=&#8221;0.5&#8243; parallax_video_height=&#8221;window-height&#8221; parallax_video_overlay=&#8221;none&#8221; row_overlay_opacity=&#8221;0&#8243; row_padding_vertical=&#8221;0&#8243; row_padding_horizontal=&#8221;0&#8243; row_margin_vertical=&#8221;0&#8243; remove_element_spacing=&#8221;no&#8221; inner_column_height=&#8221;col-natural&#8221; width=&#8221;1\/1&#8243; el_position=&#8221;first last&#8221;] [spb_single_image image=&#8221;780&#8243; image_size=&#8221;large&#8221; frame=&#8221;glowframe&#8221; intro_animation=&#8221;fade-from-bottom&#8221; full_width=&#8221;yes&#8221; lightbox=&#8221;no&#8221; link_target=&#8221;_self&#8221; caption=&#8221;La Chiesa parrocchiale&#8221; width=&#8221;1\/1&#8243; el_position=&#8221;first last&#8221;] [\/spb_row] [spb_column width=&#8221;2\/3&#8243; el_position=&#8221;first&#8221;] [spb_text_block title=&#8221;The old washroom&#8221; pb_margin_bottom=&#8221;no&#8221; pb_border_bottom=&#8221;no&#8221; width=&#8221;1\/1&#8243; el_position=&#8221;first last&#8221;]\n<p><span id=\"result_box\" class=\"\" lang=\"en\"><span title=\"Il lavatoio si trova in Piazza della Chiesa, dietro l\u2019oratorio di S. Bernardino, in un edificio a pianta rettangolare coperto dalle caratteristiche piode, copertura in pietra tipica della Valle Vigezzo. \">The washroom is located in the Church Square, behind the oratory of S. Bernardino, in a rectangular building covered by the Valle Vigezzo&#8217;s typical <\/span><\/span><span id=\"result_box\" class=\"\" lang=\"en\"><span title=\"Il lavatoio si trova in Piazza della Chiesa, dietro l\u2019oratorio di S. Bernardino, in un edificio a pianta rettangolare coperto dalle caratteristiche piode, copertura in pietra tipica della Valle Vigezzo. \">stone <\/span><\/span><span id=\"result_box\" class=\"\" lang=\"en\"><span title=\"Il lavatoio si trova in Piazza della Chiesa, dietro l\u2019oratorio di S. Bernardino, in un edificio a pianta rettangolare coperto dalle caratteristiche piode, copertura in pietra tipica della Valle Vigezzo. \">shingles (piode).<\/span><\/span><\/p>\n<p><span title=\"Il lavatoio risale al 1895 e fu costruito dal comune in occasione del primo importante acquedotto d\u2019adduzione idrica all\u2019abitato. \">The washroom was built in <strong>1895<\/strong> by the municipality togheter with the first important aqueduct for water supply to the town.<\/span><\/p>\n<p><span title=\"All\u2019interno del lavatoio si possono trovare otto grandi vasche in granito accostate su due serie, profonde 40 cm e con una capacit\u00e0 complessiva di 444 litri d\u2019acqua;\">Within the washroom, there are <strong>eight large granite tanks<\/strong> fitted on two sets, 40 cm deep and with a total capacity of 444 liters of water. <\/span><strong><span id=\"result_box\" class=\"\" lang=\"en\"><span title=\"ci\u00f2 permetteva a ben 24 lavandaie di usare contemporaneamente il lavatoio, rendendolo in questo modo non solo strumento comune per lavare i panni, ma importante luogo di ritrovo. \">24 washers<\/span><\/span><\/strong><span id=\"result_box\" class=\"\" lang=\"en\"><span title=\"ci\u00f2 permetteva a ben 24 lavandaie di usare contemporaneamente il lavatoio, rendendolo in questo modo non solo strumento comune per lavare i panni, ma importante luogo di ritrovo. \"> was allowed to use the washroom at the same time, making it not only a facility for washing clothes, but also <strong>an important meeting place<\/strong>.<\/span><\/span><\/p>\n<p><span title=\"Nel 2002 il lavatoio \u00e8 stato completamente restaurato e non essendo pi\u00f9 usato con le funzioni che gli erano proprie secoli fa, nel 2007 \u00e8 diventato la sede di un'interessante mostra tematica sulla vita e l'impresa di Giovanni Maria Salati, importante personaggio di origine\"><strong>In 2002<\/strong> the washroom was completely <strong>restored<\/strong> and being no longer used with its functions from centuries, in 2007 it became the location of an interesting <strong>thematic exhibition<\/strong> on the life and business of <strong>Giovanni Maria Salati<\/strong>, an important celebrity of <\/span><span title=\"Maleschese e primo uomo ad attraversare a nuoto la Manica nel 1817 (per saperne di pi\u00f9).\">Malesco and first man to cross the English Channel in 1817 (<a href=\"http:\/\/ecomuseomalesco.it\/casa-giovan-maria-salati\/\">to find out more<\/a>).<\/span><\/p>\n[\/spb_text_block] [sf_gallery gallery_id=&#8221;1234&#8243; slider_transition=&#8221;slide&#8221; show_thumbs=&#8221;yes&#8221; autoplay=&#8221;yes&#8221; show_captions=&#8221;yes&#8221; enable_lightbox=&#8221;no&#8221; width=&#8221;1\/1&#8243; el_position=&#8221;first last&#8221;] [spb_text_block title=&#8221;Notable Buildings in Malesco&#8221; pb_margin_bottom=&#8221;no&#8221; pb_border_bottom=&#8221;no&#8221; width=&#8221;1\/1&#8243; el_position=&#8221;first last&#8221;]\n<p>The old washroom is among the remarkable buildings that can be admired by going through the streets of Malesco.<\/p>\n<p>Each of them gives to the village a piece of history and contributes to create this unique corner of Valle Vigezzo.<\/p>\n<p>Among the remarkable buildings of Malesco you can visit<\/p>\n<ul>\n<li><a href=\"http:\/\/ecomuseomalesco.it\/en\/val-grande-national-park-museum\/\">Valgrande National Park Museum<\/a><\/li>\n<li><a href=\"http:\/\/ecomuseomalesco.it\/en\/mellerio-house\/\">The Mellerio house<\/a><\/li>\n<li><a href=\"http:\/\/ecomuseomalesco.it\/en\/trabucchi-house\/\">Trabucchi House<\/a><\/li>\n<li><a href=\"http:\/\/ecomuseomalesco.it\/en\/map-location\/house-of-giovan-maria-salati\/\">The house of Giovan Maria Salati<\/a><\/li>\n<li><a href=\"http:\/\/ecomuseomalesco.it\/en\/the-ancient-municipality-premises-premises-of-the-marching-band\/\">The ancient Municipality Premises &#8211; Premises of the Marching Band<\/a><\/li>\n<\/ul>\n[\/spb_text_block] [\/spb_column] [spb_column width=&#8221;1\/3&#8243; el_position=&#8221;last&#8221;] [spb_text_block pb_margin_bottom=&#8221;no&#8221; pb_border_bottom=&#8221;no&#8221; width=&#8221;1\/1&#8243; el_position=&#8221;first last&#8221;]\n<style type=\"text\/css\">\n\t.mpfy-tooltip.mpfy-tooltip-map-1721,\n\t.mpfy-tooltip.mpfy-tooltip-map-1721 p,\n\t.mpfy-tooltip.mpfy-tooltip-map-1721 p strong,\n\t.mpfy-tooltip.mpfy-tooltip-map-1721 .mpfy-tooptip-actions a { color: #525252; }\n\t.mpfy-map-id-1721 .mpfy-mll-location .mpfy-mll-l-buttons a:first-child {\n\t\tbackground-color: #61849c;\n\t\tcolor: #ffffff;\n\t}\n\t.mpfy-map-id-1721 .mpfy-mll-location .mpfy-mll-l-buttons a + a {\n\t\tbackground-color: #d2845b;\n\t\tcolor: #ffffff;\n\t}\n\t.mpfy-map-id-1721 .mpfy-mll-location .mpfy-mll-l-buttons a:first-child:hover,\n\t.mpfy-map-id-1721 .mpfy-mll-location .mpfy-mll-l-buttons a + a:hover {\n\t\tbackground-color: #ffffff;\n\t\tcolor: #000000;\n\t}\n<\/style>\n\n<div id=\"mpfy-map-0\" class=\"mpfy-container mpfy-map-id-1721\" data-attrs=\"{&quot;no_search_results&quot;:&quot;&lt;p&gt;No locations were found.&lt;br \\\/&gt;Please search again.&lt;\\\/p&gt;&quot;,&quot;no_search_results_with_closest&quot;:&quot;&lt;p&gt;No locations were found within your search criteria. Please search again.&lt;\\\/p&gt;&lt;p class=\\&quot;mpfy-or-text\\&quot;&gt;Or ... &lt;a href=\\&quot;#\\&quot; class=\\&quot;mpfy-closest-pin\\&quot;&gt;See the Closest Location&lt;\\\/a&gt;&lt;\\\/p&gt;&quot;,&quot;search_geolocation_failure&quot;:&quot;&lt;p&gt;Could not find the entered address.&lt;br \\\/&gt;Please check your spelling and try again.&lt;\\\/p&gt;&quot;}\" data-proprietary=\"[]\">\n\t\n\t\n\t<div class=\"mpfy-controls-wrap\">\n\t\t<div class=\"mpfy-controls mpfy-hidden mpfy-without-search mpfy-without-dropdown\">\n\t\t\t<form class=\"mpfy-search-form\" method=\"post\" action=\"\" autocomplete=\"off\" style=\"display: none;\">\n\t\t\t\t<div class=\"mpfy-search-wrap\">\n\n\t\t\t\t\t\t\n\n\t\t\t\t\t<div class=\"mpfy-search-field\">\n\n\t\t\t\t\t\t\n\t\t\t\t\t\t<div class=\"mpfy-search-field-queries\">\n\t\t\t\t\t\t\t<a href=\"javascript:;\" class=\"mpfy-search-field-dropdown-toggle\"><\/a>\n\t\t\t\t\t\t\t<div class=\"mpfy-search-field-multiple-label\">(Multiple)<\/div>\n\t\t\t\t\t\t\t<div class=\"mpfy-search-field-item\">\n\t\t\t\t\t\t\t\t<input type=\"search\" class=\"mpfy-search-input\" autocomplete=\"off\" value=\"\" placeholder=\"Enter location..\" \/>\n\t\t\t\t\t\t\t\t<a href=\"javascript:;\" class=\"mpfy-search-field-add-item\">+<\/a>\n\t\t\t\t\t\t\t<\/div>\n\t\t\t\t\t\t<\/div>\n\n\t\t\t\t\t\t<div class=\"mpfy-reset-search-button\" aria-label=\"Reset the search\" data-microtip-position=\"bottom-left\" role=\"tooltip\"><\/div>\n\t\t\t\t\t\t<div class=\"mpfy-search-button\" aria-label=\"Please insert your desired search keywords (minimum 3 characters) to begin the search\" data-microtip-position=\"bottom-left\" data-microtip-size=\"large\" role=\"tooltip\"><\/div>\n\t\t\t\t\t<\/div>\t\t\t\t\t\n\t\t\t\t\t\n\t\t\t\t<\/div>\n\t\t\t<\/form>\n\n\t\t\t<div class=\"mpfy-filter mpfy-selecter-wrap\" style=\"display: none;\">\n\t\t\t\t<select name=\"mpfy_tag\" class=\"mpfy-tag-select\">\n\t\t\t\t\t<option value=\"0\">Default View<\/option>\n\n\t\t\t\t\t\t\t\t\t\n\t\t\t\t<\/select>\n\t\t\t<\/div>\n\t\t<\/div>\n\t<\/div>\n\n\t<div class=\"mpfy-map-canvas-shell-outer mpfy-mode-map \">\n\t\t<div style=\"display: none;\">\n\t\t\n\t\t\t\n\t\t\t\t<a\n\t\t\t\t\ttarget             = \"_self\"\n\t\t\t\t\thref               = \"http:\/\/ecomuseomalesco.it\/en\/old-washroom\/\"\n\t\t\t\t\tclass              = \"mpfy-pin mpfy-pin-id-1722 no_link mpfy-external-link\"\n\t\t\t\t\tdata-id            = \"1722\"\n\t\t\t\t\tdata-mapify-action = \"openPopup\"\n\t\t\t\t\tdata-mapify-value  = \"1722\">\n\t\t\t\t\t&nbsp;\n\t\t\t\t<\/a>\n\n\t\t\t\t\n\t\t<\/div>\n\n\t\t<div class=\"mpfy-map-canvas-shell\">\n\t\t\t<div id=\"mpfy-canvas-0\" class=\"mpfy-map-canvas\" style=\"overflow: hidden; height: 300px\"><\/div>\n\t\t\t<div class=\"mpfy-map-controls\">\n\n\t\t\t\t\n\t\t\t\t\n\t\t\t\t\t<div class=\"mpfy-zoom\">\n\t\t\t\t\t\t<a href=\"#\" class=\"mpfy-zoom-in\"><\/a>\n\t\t\t\t\t\t<a href=\"#\" class=\"mpfy-zoom-out\"><\/a>\n\t\t\t\t\t<\/div><!-- \/.mpfy-zoom -->\n\n\t\t\t\t\n\t\t\t<\/div><!-- \/.mpfy-map-controls -->\n\t\t<\/div>\n\n\t\t\n\t\t\t<\/div>\n\n\t\n<\/div>\n\n[\/spb_text_block] [boxed_content title=&#8221;CONTATTI&#8221; type=&#8221;coloured&#8221; custom_bg_colour=&#8221;#666666&#8243; pb_margin_bottom=&#8221;yes&#8221; width=&#8221;1\/1&#8243; el_position=&#8221;first last&#8221;]\n<i class=\"ss-location sf-icon sf-icon-float-left sf-icon-xxsmall sf-icon-icon-four\"><\/i>\u00a0Via Guglielmo Marconi<br \/>\n28854 Malesco (VB)<br \/>\n<i class=\"ss-phone sf-icon sf-icon-float-left sf-icon-xxsmall sf-icon-icon-four\"><\/i> 0324.92444<br \/>\n<i class=\"ss-mail sf-icon sf-icon-float-left sf-icon-xxsmall sf-icon-icon-four\"><\/i>\u00a0 <a href=\"mailto:promalesco@libero.it\">promalesco@libero.it<\/a> (Proloco Malesco)<\/p>\n[\/boxed_content] [boxed_content type=&#8221;whitestroke&#8221; pb_margin_bottom=&#8221;yes&#8221; width=&#8221;1\/1&#8243; el_position=&#8221;first last&#8221;]\n<p>&nbsp;<\/p>\n<p><strong>TIMETABLES<\/strong><\/p>\n<p>From September to June :Saturday and Sunday from 10 to 12<br \/>\nJuly to August every day from 9am to 6pm<\/p>\n<p>&nbsp;<\/p>\n[\/boxed_content] [boxed_content type=&#8221;coloured&#8221; custom_bg_colour=&#8221;#999999&#8243; custom_text_colour=&#8221;#666666&#8243; pb_margin_bottom=&#8221;yes&#8221; width=&#8221;1\/1&#8243; el_position=&#8221;first last&#8221;]\n<h3>FREE<\/h3>\n<h3><strong>Entrance<\/strong><\/h3>\n[\/boxed_content] [\/spb_column] [spb_text_block pb_margin_bottom=&#8221;no&#8221; pb_border_bottom=&#8221;no&#8221; width=&#8221;1\/1&#8243; el_position=&#8221;first last&#8221;]\n<div class=\"share-links curved-bar-styling clearfix\"><div class=\"share-text\">Share this:<\/div><ul class=\"social-icons\"><li class=\"facebook\"><a href=\"http:\/\/www.facebook.com\/sharer.php?u=https:\/\/ecomuseomalesco.it\/en\/old-washroom\/\" class=\"post_share_facebook\" onclick=\"javascript:window.open(this.href,\n\t\t\t      '', 'menubar=no,toolbar=no,resizable=yes,scrollbars=yes,height=220,width=600');return false;\"><i class=\"fab fa-facebook\"><\/i><i class=\"fab fa-facebook\"><\/i><\/a><\/li><li class=\"twitter\"><a href=\"https:\/\/twitter.com\/share?url=https:\/\/ecomuseomalesco.it\/en\/old-washroom\/\" onclick=\"javascript:window.open(this.href,\n\t\t\t      '', 'menubar=no,toolbar=no,resizable=yes,scrollbars=yes,height=260,width=600');return false;\" class=\"product_share_twitter\"><i class=\"fab fa-twitter\"><\/i><i class=\"fab fa-twitter\"><\/i><\/a><\/li>  <li class=\"googleplus\"><a href=\"https:\/\/plus.google.com\/share?url=https:\/\/ecomuseomalesco.it\/en\/old-washroom\/\" onclick=\"javascript:window.open(this.href,\n\t\t\t      '', 'menubar=no,toolbar=no,resizable=yes,scrollbars=yes,height=600,width=600');return false;\"><i class=\"fab fa-google-plus\"><\/i><i class=\"fab fa-google-plus\"><\/i><\/a><\/li><li class=\"pinterest\"><a href=\"http:\/\/pinterest.com\/pin\/create\/button\/?url=https:\/\/ecomuseomalesco.it\/en\/old-washroom\/&media=https:\/\/ecomuseomalesco.it\/wp-content\/uploads\/2016\/07\/m87b_riotti_ecomuseo-malesco.jpg&description=The old washroom\" onclick=\"javascript:window.open(this.href,\n\t\t  '', 'menubar=no,toolbar=no,resizable=yes,scrollbars=yes,height=320,width=600');return false;\"><i class=\"fab fa-pinterest\"><\/i><i class=\"fab fa-pinterest\"><\/i><\/a><\/li><li class=\"mail\"><a href=\"mailto:?subject=The+old+washroom&body=[spb_row wrap_type=&#8221;content-width&#8221; row_bg_type=&#8221;color&#8221; color_row_height=&#8221;content-height&#8221; bg_type=&#8221;cover&#8221; parallax_image_height=&#8221;content-height&#8221; parallax_image_movement=&#8221;fixed&#8221; parallax_image_speed=&#8221;0.5&#8243; parallax_video_height=&#8221;window-height&#8221; parallax_video_overlay=&#8221;none&#8221; row_overlay_opacity=&#8221;0&#8243; row_padding_vertical=&#8221;0&#8243; row_padding_horizontal=&#8221;0&#8243; row_margin_vertical=&#8221;0&#8243; remove_element_spacing=&#8221;no&#8221; inner_column_height=&#8221;col-natural&#8221; width=&#8221;1\/1&#8243; el_position=&#8221;first last&#8221;] [spb_single_image image=&#8221;780&#8243; image_size=&#8221;large&#8221; frame=&#8221;glowframe&#8221; intro_animation=&#8221;fade-from-bottom&#8221; full_width=&#8221;yes&#8221; lightbox=&#8221;no&#8221; link_target=&#8221;_self&#8221; caption=&#8221;La Chiesa parrocchiale&#8221; width=&#8221;1\/1&#8243; el_position=&#8221;first last&#8221;] [\/spb_row] [spb_column width=&#8221;2\/3&#8243; el_position=&#8221;first&#8221;] [spb_text_block title=&#8221;The old washroom&#8221; pb_margin_bottom=&#8221;no&#8221; pb_border_bottom=&#8221;no&#8221; width=&#8221;1\/1&#8243; el_position=&#8221;first last&#8221;] The washroom is located in the Church Square, behind the oratory of S. Bernardino, [&hellip;] https:\/\/ecomuseomalesco.it\/en\/old-washroom\/\" class=\"product_share_email\"><i class=\"ss-mail\"><\/i><i class=\"ss-mail\"><\/i><\/a><\/li><\/ul><\/div>\n[\/spb_text_block]\n","protected":false},"excerpt":{"rendered":"<p>[spb_row wrap_type=&#8221;content-width&#8221; row_bg_type=&#8221;color&#8221; color_row_height=&#8221;content-height&#8221; bg_type=&#8221;cover&#8221; parallax_image_height=&#8221;content-height&#8221; parallax_image_movement=&#8221;fixed&#8221; parallax_image_speed=&#8221;0.5&#8243; parallax_video_height=&#8221;window-height&#8221; parallax_video_overlay=&#8221;none&#8221; row_overlay_opacity=&#8221;0&#8243; row_padding_vertical=&#8221;0&#8243; row_padding_horizontal=&#8221;0&#8243; row_margin_vertical=&#8221;0&#8243; remove_element_spacing=&#8221;no&#8221; inner_column_height=&#8221;col-natural&#8221; width=&#8221;1\/1&#8243; el_position=&#8221;first last&#8221;] [spb_single_image image=&#8221;780&#8243; image_size=&#8221;large&#8221; frame=&#8221;glowframe&#8221; intro_animation=&#8221;fade-from-bottom&#8221; full_width=&#8221;yes&#8221; lightbox=&#8221;no&#8221; link_target=&#8221;_self&#8221; caption=&#8221;La Chiesa parrocchiale&#8221; width=&#8221;1\/1&#8243; el_position=&#8221;first last&#8221;] [\/spb_row] [spb_column width=&#8221;2\/3&#8243; el_position=&#8221;first&#8221;] [spb_text_block title=&#8221;The old washroom&#8221; pb_margin_bottom=&#8221;no&#8221; pb_border_bottom=&#8221;no&#8221; width=&#8221;1\/1&#8243; el_position=&#8221;first last&#8221;] The washroom is located in the Church Square, behind the oratory of S. Bernardino, [&hellip;]<\/p>\n","protected":false},"author":1,"featured_media":778,"parent":0,"menu_order":0,"comment_status":"closed","ping_status":"closed","template":"","meta":[],"yoast_head":"<!-- This site is optimized with the Yoast SEO plugin v16.8 - https:\/\/yoast.com\/wordpress\/plugins\/seo\/ -->\n<title>The old washroom - Ecomuseum of Malesco<\/title>\n<meta name=\"description\" content=\"The washroom is located in the Church Square, behind the oratory of S. Bernardino, in a rectangular building covered by typical stone shingles (piode).\" \/>\n<meta name=\"robots\" content=\"index, follow, max-snippet:-1, max-image-preview:large, max-video-preview:-1\" \/>\n<link rel=\"canonical\" href=\"https:\/\/ecomuseomalesco.it\/en\/antico-lavatoio\/\" \/>\n<meta property=\"og:locale\" content=\"en_US\" \/>\n<meta property=\"og:type\" content=\"article\" \/>\n<meta property=\"og:title\" content=\"The old washroom - Ecomuseum of Malesco\" \/>\n<meta property=\"og:description\" content=\"The washroom is located in the Church Square, behind the oratory of S. Bernardino, in a rectangular building covered by typical stone shingles (piode).\" \/>\n<meta property=\"og:url\" content=\"https:\/\/ecomuseomalesco.it\/antico-lavatoio\/\" \/>\n<meta property=\"og:site_name\" content=\"Ecomuseum of Malesco\" \/>\n<meta property=\"article:modified_time\" content=\"2017-06-13T12:17:29+00:00\" \/>\n<meta property=\"og:image\" content=\"https:\/\/ecomuseomalesco.it\/wp-content\/uploads\/2016\/07\/m87b_riotti_ecomuseo-malesco.jpg\" \/>\n\t<meta property=\"og:image:width\" content=\"900\" \/>\n\t<meta property=\"og:image:height\" content=\"599\" \/>\n<meta name=\"twitter:card\" content=\"summary\" \/>\n<meta name=\"twitter:label1\" content=\"Est. reading time\" \/>\n\t<meta name=\"twitter:data1\" content=\"3 minutes\" \/>\n<script type=\"application\/ld+json\" class=\"yoast-schema-graph\">{\"@context\":\"https:\/\/schema.org\",\"@graph\":[{\"@type\":\"WebSite\",\"@id\":\"https:\/\/ecomuseomalesco.it\/#website\",\"url\":\"https:\/\/ecomuseomalesco.it\/\",\"name\":\"Ecomuseum of Malesco\",\"description\":\"ed leuzerie e di skerpelit - un museo del tempo e dello spazio\",\"potentialAction\":[{\"@type\":\"SearchAction\",\"target\":{\"@type\":\"EntryPoint\",\"urlTemplate\":\"https:\/\/ecomuseomalesco.it\/?s={search_term_string}\"},\"query-input\":\"required name=search_term_string\"}],\"inLanguage\":\"en-US\"},{\"@type\":\"ImageObject\",\"@id\":\"https:\/\/ecomuseomalesco.it\/antico-lavatoio\/#primaryimage\",\"inLanguage\":\"en-US\",\"url\":\"https:\/\/ecomuseomalesco.it\/wp-content\/uploads\/2016\/07\/m87b_riotti_ecomuseo-malesco.jpg\",\"contentUrl\":\"https:\/\/ecomuseomalesco.it\/wp-content\/uploads\/2016\/07\/m87b_riotti_ecomuseo-malesco.jpg\",\"width\":900,\"height\":599,\"caption\":\"ph massimo riotti\"},{\"@type\":\"WebPage\",\"@id\":\"https:\/\/ecomuseomalesco.it\/antico-lavatoio\/#webpage\",\"url\":\"https:\/\/ecomuseomalesco.it\/antico-lavatoio\/\",\"name\":\"The old washroom - Ecomuseum of Malesco\",\"isPartOf\":{\"@id\":\"https:\/\/ecomuseomalesco.it\/#website\"},\"primaryImageOfPage\":{\"@id\":\"https:\/\/ecomuseomalesco.it\/antico-lavatoio\/#primaryimage\"},\"datePublished\":\"2017-01-01T10:54:07+00:00\",\"dateModified\":\"2017-06-13T12:17:29+00:00\",\"description\":\"The washroom is located in the Church Square, behind the oratory of S. Bernardino, in a rectangular building covered by typical stone shingles (piode).\",\"breadcrumb\":{\"@id\":\"https:\/\/ecomuseomalesco.it\/antico-lavatoio\/#breadcrumb\"},\"inLanguage\":\"en-US\",\"potentialAction\":[{\"@type\":\"ReadAction\",\"target\":[\"https:\/\/ecomuseomalesco.it\/antico-lavatoio\/\"]}]},{\"@type\":\"BreadcrumbList\",\"@id\":\"https:\/\/ecomuseomalesco.it\/antico-lavatoio\/#breadcrumb\",\"itemListElement\":[{\"@type\":\"ListItem\",\"position\":1,\"name\":\"Home\",\"item\":\"https:\/\/ecomuseomalesco.it\/\"},{\"@type\":\"ListItem\",\"position\":2,\"name\":\"The old washroom\"}]}]}<\/script>\n<!-- \/ Yoast SEO plugin. -->","yoast_head_json":{"title":"The old washroom - Ecomuseum of Malesco","description":"The washroom is located in the Church Square, behind the oratory of S. Bernardino, in a rectangular building covered by typical stone shingles (piode).","robots":{"index":"index","follow":"follow","max-snippet":"max-snippet:-1","max-image-preview":"max-image-preview:large","max-video-preview":"max-video-preview:-1"},"canonical":"https:\/\/ecomuseomalesco.it\/en\/antico-lavatoio\/","og_locale":"en_US","og_type":"article","og_title":"The old washroom - Ecomuseum of Malesco","og_description":"The washroom is located in the Church Square, behind the oratory of S. Bernardino, in a rectangular building covered by typical stone shingles (piode).","og_url":"https:\/\/ecomuseomalesco.it\/antico-lavatoio\/","og_site_name":"Ecomuseum of Malesco","article_modified_time":"2017-06-13T12:17:29+00:00","og_image":[{"width":900,"height":599,"url":"https:\/\/ecomuseomalesco.it\/wp-content\/uploads\/2016\/07\/m87b_riotti_ecomuseo-malesco.jpg","path":"\/home\/ecomus3\/public_html\/wp-content\/uploads\/2016\/07\/m87b_riotti_ecomuseo-malesco.jpg","size":"full","id":778,"alt":"l'antico lavatoio - Mostra Salati - massimo riotti ecomuseo malesco","pixels":539100,"type":"image\/jpeg"}],"twitter_card":"summary","twitter_misc":{"Est. reading time":"3 minutes"},"schema":{"@context":"https:\/\/schema.org","@graph":[{"@type":"WebSite","@id":"https:\/\/ecomuseomalesco.it\/#website","url":"https:\/\/ecomuseomalesco.it\/","name":"Ecomuseum of Malesco","description":"ed leuzerie e di skerpelit - un museo del tempo e dello spazio","potentialAction":[{"@type":"SearchAction","target":{"@type":"EntryPoint","urlTemplate":"https:\/\/ecomuseomalesco.it\/?s={search_term_string}"},"query-input":"required name=search_term_string"}],"inLanguage":"en-US"},{"@type":"ImageObject","@id":"https:\/\/ecomuseomalesco.it\/antico-lavatoio\/#primaryimage","inLanguage":"en-US","url":"https:\/\/ecomuseomalesco.it\/wp-content\/uploads\/2016\/07\/m87b_riotti_ecomuseo-malesco.jpg","contentUrl":"https:\/\/ecomuseomalesco.it\/wp-content\/uploads\/2016\/07\/m87b_riotti_ecomuseo-malesco.jpg","width":900,"height":599,"caption":"ph massimo riotti"},{"@type":"WebPage","@id":"https:\/\/ecomuseomalesco.it\/antico-lavatoio\/#webpage","url":"https:\/\/ecomuseomalesco.it\/antico-lavatoio\/","name":"The old washroom - Ecomuseum of Malesco","isPartOf":{"@id":"https:\/\/ecomuseomalesco.it\/#website"},"primaryImageOfPage":{"@id":"https:\/\/ecomuseomalesco.it\/antico-lavatoio\/#primaryimage"},"datePublished":"2017-01-01T10:54:07+00:00","dateModified":"2017-06-13T12:17:29+00:00","description":"The washroom is located in the Church Square, behind the oratory of S. Bernardino, in a rectangular building covered by typical stone shingles (piode).","breadcrumb":{"@id":"https:\/\/ecomuseomalesco.it\/antico-lavatoio\/#breadcrumb"},"inLanguage":"en-US","potentialAction":[{"@type":"ReadAction","target":["https:\/\/ecomuseomalesco.it\/antico-lavatoio\/"]}]},{"@type":"BreadcrumbList","@id":"https:\/\/ecomuseomalesco.it\/antico-lavatoio\/#breadcrumb","itemListElement":[{"@type":"ListItem","position":1,"name":"Home","item":"https:\/\/ecomuseomalesco.it\/"},{"@type":"ListItem","position":2,"name":"The old washroom"}]}]}},"acf":[],"_links":{"self":[{"href":"https:\/\/ecomuseomalesco.it\/en\/wp-json\/wp\/v2\/pages\/1570"}],"collection":[{"href":"https:\/\/ecomuseomalesco.it\/en\/wp-json\/wp\/v2\/pages"}],"about":[{"href":"https:\/\/ecomuseomalesco.it\/en\/wp-json\/wp\/v2\/types\/page"}],"author":[{"embeddable":true,"href":"https:\/\/ecomuseomalesco.it\/en\/wp-json\/wp\/v2\/users\/1"}],"replies":[{"embeddable":true,"href":"https:\/\/ecomuseomalesco.it\/en\/wp-json\/wp\/v2\/comments?post=1570"}],"version-history":[{"count":7,"href":"https:\/\/ecomuseomalesco.it\/en\/wp-json\/wp\/v2\/pages\/1570\/revisions"}],"predecessor-version":[{"id":2420,"href":"https:\/\/ecomuseomalesco.it\/en\/wp-json\/wp\/v2\/pages\/1570\/revisions\/2420"}],"wp:featuredmedia":[{"embeddable":true,"href":"https:\/\/ecomuseomalesco.it\/en\/wp-json\/wp\/v2\/media\/778"}],"wp:attachment":[{"href":"https:\/\/ecomuseomalesco.it\/en\/wp-json\/wp\/v2\/media?parent=1570"}],"curies":[{"name":"wp","href":"https:\/\/api.w.org\/{rel}","templated":true}]}}