{"id":1576,"date":"2016-11-21T12:42:56","date_gmt":"2016-11-21T11:42:56","guid":{"rendered":"http:\/\/ecomuseomalesco.it\/casa-giovan-maria-salati\/"},"modified":"2017-06-13T14:22:07","modified_gmt":"2017-06-13T12:22:07","slug":"house-giovan-maria-salati","status":"publish","type":"page","link":"https:\/\/ecomuseomalesco.it\/en\/house-giovan-maria-salati\/","title":{"rendered":"The House of Giovan Maria Salati"},"content":{"rendered":"[spb_row wrap_type=&#8221;content-width&#8221; row_bg_type=&#8221;color&#8221; color_row_height=&#8221;content-height&#8221; bg_type=&#8221;cover&#8221; parallax_image_height=&#8221;content-height&#8221; parallax_image_movement=&#8221;fixed&#8221; parallax_image_speed=&#8221;0.5&#8243; parallax_video_height=&#8221;window-height&#8221; parallax_video_overlay=&#8221;none&#8221; row_overlay_opacity=&#8221;0&#8243; row_padding_vertical=&#8221;0&#8243; row_padding_horizontal=&#8221;0&#8243; row_margin_vertical=&#8221;0&#8243; remove_element_spacing=&#8221;no&#8221; inner_column_height=&#8221;col-natural&#8221; width=&#8221;1\/1&#8243; el_position=&#8221;first last&#8221;] [spb_single_image image=&#8221;732&#8243; image_size=&#8221;medium&#8221; frame=&#8221;glowframe&#8221; intro_animation=&#8221;fade-from-bottom&#8221; full_width=&#8221;yes&#8221; lightbox=&#8221;no&#8221; link_target=&#8221;_self&#8221; caption=&#8221;The House of Giovan Maria Salati&#8221; width=&#8221;1\/1&#8243; el_position=&#8221;first last&#8221;] [\/spb_row] [spb_column width=&#8221;2\/3&#8243; el_position=&#8221;first&#8221;] [spb_text_block title=&#8221;The House of Giovan Maria Salati&#8221; pb_margin_bottom=&#8221;no&#8221; pb_border_bottom=&#8221;no&#8221; width=&#8221;1\/1&#8243; el_position=&#8221;first last&#8221;]\n<p><span id=\"result_box\" class=\"\" lang=\"en\"><span title=\"La Casa di Giovan Maria Salati si trova in via Eria a Malesco. \">The House of Giovan Maria Salati is located in Via Eria, in Malesco.<\/span><\/span><br \/>\n<span id=\"result_box\" class=\"\" lang=\"en\"><\/span><span id=\"result_box\" class=\"\" lang=\"en\"><\/span><\/p>\n<div id=\"gt-res-content\">\n<div id=\"gt-res-dir-ctr\" class=\"trans-verified-button-small\" dir=\"ltr\"><span id=\"result_box\" class=\"\" lang=\"en\"><span title=\"Passeggiando per le vie del paese sar\u00e0 facile imbattervi in una lastra di marmo sul muro di una casa: nel 1989 il Comune dedic\u00f2 una lapide a Giovan Maria Salati per onorarne la memoria. \">Walking along the streets of the village, it is easy to find a marble slab on the wall of a house: in 1989 <strong>the Municipality dedicated a commemorative plaque to Giovan Maria Salati<\/strong> to honor his memory.<br \/>\n<\/span><\/span><\/div>\n<h3 class=\"trans-verified-button-small\" dir=\"ltr\"><span id=\"result_box\" class=\"\" lang=\"en\"><span title=\"Perch\u00e9 onorarne la memoria? \">Why honor his memory?<br \/>\n<\/span><\/span><\/h3>\n<p class=\"trans-verified-button-small\" dir=\"ltr\"><span id=\"result_box\" class=\"\" lang=\"en\"><span title=\"Vi state chiedendo chi sia Giovan Maria Salati e perch\u00e9 dedicargli una lapide? \">Are you wondering who is <span title=\"La Casa di Giovan Maria Salati si trova in via Eria a Malesco. \">Giovan Maria Salati<\/span> and why dedicate him a gravestone?<\/span><\/span><\/p>\n<p><span title=\"Giovan Maria Salati nacque nel 1796 a Malesco ed emigr\u00f2 in Francia giovanissimo come soldato di Napoleone. \">Giovan Maria Salati was born in 1796 in Malesco and emigrated to France as a young soldier of Napoleon.<br \/>\n<\/span><span title=\"Nel 1817, il fuciliere di marina venne catturato dagli Inglesi, i quali lo rinchiusero in una prigione a Dover, nel Regno Unito, sulle sponde dell\u2019oceano. \"><strong>In 1817,<\/strong> the navy rifleman was captured by the British, who locked him in a <strong>prison in Dover<\/strong>, United Kingdom, on the shores of the ocean.<\/span><\/p>\n<p><span title=\"La posizione di Dover \u00e8 proprio il motivo per cui Giovan Maria Salati pass\u00f2 alla storia: Dover, infatti, si trova nella parte sud-orientale dell'isola del Regno Unito, nella contea di Kent, ed \u00e8 la localit\u00e0 in cui \u00e8 situato uno dei\">Dover&#8217;s position is the reason why Giovan Maria Salati passed to history: Dover, indeed, is located in the southeastern part of the UK island, Kent County, and is the location of one of the m<\/span><span title=\"porti pi\u00f9 importanti della nazione in virt\u00f9 della sua incredibile vicinanza alla Francia. \">ost important ports of the nation, thanks to its <strong>incredible proximity to France<\/strong>.<br \/>\n<\/span><\/p>\n<h3 class=\"trans-verified-button-small\" dir=\"ltr\"><span id=\"result_box\" class=\"\" lang=\"en\"><span title=\"Il primo uomo ad attraversare la manica a nuoto \">Giovan Maria Salati: the first man who crossed the English Channel<br \/>\n<\/span><\/span><\/h3>\n<p class=\"trans-verified-button-small\" dir=\"ltr\"><span id=\"result_box\" class=\"\" lang=\"en\"><span title=\"Le Bianche Scogliere di Dover e Calais sono separate da 34 km e proprio questi 34 km furono fatti da Giovan Maria Salati a nuoto per fuggire i suoi carcerieri. \">The White Cliffs of Dover and Calais are separated by 34 km and exactly these 34 km were swimmed by Giovan Maria Salati <strong>to escape his jailers<\/strong>.<\/span><\/span><\/p>\n<p><span title=\"Ci\u00f2 lo rese il primo uomo nella storia ad aver attraversato il canale della Manica a nuoto nel 1817 e ancora oggi, per la sua traversata, \u00e8 considerato l\u2019iniziatore del fondo secondo la Federazione Italiana Nuoto. \">This endeavour made him <strong>the first man in history who crossed the English Channel<\/strong> by swimming in 1817 and still today, for this crossing, he is considered the pioneer of the long-distance swimming, according to the Italian Swimming Federation.<\/span><\/p>\n<p><span title=\"Il nuoto non era la specialit\u00e0 di Giovan Maria Salati: fino alla partenza con l\u2019esercito napoleonico era stato alpigiano a Malesco e aveva imparato come autodidatta nei freddi torrenti della Valle Vigezzo.\">Swimming was not the specialty of Giovan Maria Salati: until the departure with the Napoleonic army, he was shepherd in Malesco and learned how to swim in the cold rivers of the Valle Vigezzo. <\/span><span title=\"Arrivato in Francia divenne prima spazzacamino e poi impresario fumista, mestiere svolto da tantissimi Vigezzini, com\u2019\u00e8 dimostrato dalle testimonianze dell\u2019epoca. \">When he arrived in France, became a chemneysweeper, as evidenced by the testimonies of the time.<\/span><\/p>\n<p><span title=\"Ebbe un figlio sacerdote che segu\u00ec in vecchiaia nei suoi trasferimenti parrocchiali sino a Saint Brice sous Foret villaggio dove mor\u00ec nel 1879.\">He had a priest son, who he\u00a0 followed in his relocations until the Saint Brice sous Foret village, where he died in 1879.<\/span><\/p>\n<\/div>\n[\/spb_text_block] [spb_text_block title=&#8221;Notable Buildings in Malesco&#8221; pb_margin_bottom=&#8221;no&#8221; pb_border_bottom=&#8221;no&#8221; width=&#8221;1\/1&#8243; el_position=&#8221;first last&#8221;]\n<p><span class=\"\" lang=\"en\"><span class=\"\">The House of Giovanni Maria Salati<\/span><\/span> is among the remarkable buildings that can be admired by going through the streets of Malesco.<\/p>\n<p>Each of them gives to the village a piece of history and contributes to create this unique corner of Valle Vigezzo.<\/p>\n<p>Among the remarkable buildings of Malesco you can visit<\/p>\n<ul>\n<li><a href=\"http:\/\/ecomuseomalesco.it\/en\/val-grande-national-park-museum\/\">Valgrande National Park Museum<\/a><\/li>\n<li><a href=\"http:\/\/ecomuseomalesco.it\/en\/mellerio-house\/\">The Mellerio house<\/a><\/li>\n<li><a href=\"http:\/\/ecomuseomalesco.it\/en\/trabucchi-house\/\">Trabucchi House<\/a><\/li>\n<li><a href=\"http:\/\/ecomuseomalesco.it\/en\/old-washroom\/\">The old washroom<\/a><\/li>\n<li><a href=\"http:\/\/ecomuseomalesco.it\/en\/the-ancient-municipality-premises-premises-of-the-marching-band\/\">The ancient Municipality Premises &#8211; Premises of the Marching Band<\/a><\/li>\n<\/ul>\n<p><span id=\"result_box\" class=\"\" lang=\"en\"><span class=\"\">\u00a0<\/span><\/span><\/p>\n[\/spb_text_block] [\/spb_column] [spb_column width=&#8221;1\/3&#8243; el_position=&#8221;last&#8221;] [spb_text_block pb_margin_bottom=&#8221;no&#8221; pb_border_bottom=&#8221;no&#8221; width=&#8221;1\/1&#8243; el_position=&#8221;first last&#8221;]\n<style type=\"text\/css\">\n\t.mpfy-tooltip.mpfy-tooltip-map-1149,\n\t.mpfy-tooltip.mpfy-tooltip-map-1149 p,\n\t.mpfy-tooltip.mpfy-tooltip-map-1149 p strong,\n\t.mpfy-tooltip.mpfy-tooltip-map-1149 .mpfy-tooptip-actions a { color: #525252; }\n\t.mpfy-map-id-1149 .mpfy-mll-location .mpfy-mll-l-buttons a:first-child {\n\t\tbackground-color: #61849c;\n\t\tcolor: #ffffff;\n\t}\n\t.mpfy-map-id-1149 .mpfy-mll-location .mpfy-mll-l-buttons a + a {\n\t\tbackground-color: #d2845b;\n\t\tcolor: #ffffff;\n\t}\n\t.mpfy-map-id-1149 .mpfy-mll-location .mpfy-mll-l-buttons a:first-child:hover,\n\t.mpfy-map-id-1149 .mpfy-mll-location .mpfy-mll-l-buttons a + a:hover {\n\t\tbackground-color: #ffffff;\n\t\tcolor: #000000;\n\t}\n<\/style>\n\n<div id=\"mpfy-map-0\" class=\"mpfy-container mpfy-map-id-1149\" data-attrs=\"{&quot;no_search_results&quot;:&quot;&lt;p&gt;No locations were found.&lt;br \\\/&gt;Please search again.&lt;\\\/p&gt;&quot;,&quot;no_search_results_with_closest&quot;:&quot;&lt;p&gt;No locations were found within your search criteria. Please search again.&lt;\\\/p&gt;&lt;p class=\\&quot;mpfy-or-text\\&quot;&gt;Or ... &lt;a href=\\&quot;#\\&quot; class=\\&quot;mpfy-closest-pin\\&quot;&gt;See the Closest Location&lt;\\\/a&gt;&lt;\\\/p&gt;&quot;,&quot;search_geolocation_failure&quot;:&quot;&lt;p&gt;Could not find the entered address.&lt;br \\\/&gt;Please check your spelling and try again.&lt;\\\/p&gt;&quot;}\" data-proprietary=\"[]\">\n\t\n\t\n\t<div class=\"mpfy-controls-wrap\">\n\t\t<div class=\"mpfy-controls mpfy-hidden mpfy-without-search mpfy-without-dropdown\">\n\t\t\t<form class=\"mpfy-search-form\" method=\"post\" action=\"\" autocomplete=\"off\" style=\"display: none;\">\n\t\t\t\t<div class=\"mpfy-search-wrap\">\n\n\t\t\t\t\t\t\n\n\t\t\t\t\t<div class=\"mpfy-search-field\">\n\n\t\t\t\t\t\t\n\t\t\t\t\t\t<div class=\"mpfy-search-field-queries\">\n\t\t\t\t\t\t\t<a href=\"javascript:;\" class=\"mpfy-search-field-dropdown-toggle\"><\/a>\n\t\t\t\t\t\t\t<div class=\"mpfy-search-field-multiple-label\">(Multiple)<\/div>\n\t\t\t\t\t\t\t<div class=\"mpfy-search-field-item\">\n\t\t\t\t\t\t\t\t<input type=\"search\" class=\"mpfy-search-input\" autocomplete=\"off\" value=\"\" placeholder=\"Enter location..\" \/>\n\t\t\t\t\t\t\t\t<a href=\"javascript:;\" class=\"mpfy-search-field-add-item\">+<\/a>\n\t\t\t\t\t\t\t<\/div>\n\t\t\t\t\t\t<\/div>\n\n\t\t\t\t\t\t<div class=\"mpfy-reset-search-button\" aria-label=\"Reset the search\" data-microtip-position=\"bottom-left\" role=\"tooltip\"><\/div>\n\t\t\t\t\t\t<div class=\"mpfy-search-button\" aria-label=\"Please insert your desired search keywords (minimum 3 characters) to begin the search\" data-microtip-position=\"bottom-left\" data-microtip-size=\"large\" role=\"tooltip\"><\/div>\n\t\t\t\t\t<\/div>\t\t\t\t\t\n\t\t\t\t\t\n\t\t\t\t<\/div>\n\t\t\t<\/form>\n\n\t\t\t<div class=\"mpfy-filter mpfy-selecter-wrap\" style=\"display: none;\">\n\t\t\t\t<select name=\"mpfy_tag\" class=\"mpfy-tag-select\">\n\t\t\t\t\t<option value=\"0\">Default View<\/option>\n\n\t\t\t\t\t\t\t\t\t\t\t<option value=\"110\">Notable Buildings<\/option>\t\t\t\t\t\n\t\t\t\t\t\t\t\t\t\n\t\t\t\t<\/select>\n\t\t\t<\/div>\n\t\t<\/div>\n\t<\/div>\n\n\t<div class=\"mpfy-map-canvas-shell-outer mpfy-mode-map with-controls\">\n\t\t<div style=\"display: none;\">\n\t\t\n\t\t\t\n\t\t\t\t<a\n\t\t\t\t\ttarget             = \"_self\"\n\t\t\t\t\thref               = \"http:\/\/ecomuseomalesco.it\/en\/house-giovan-maria-salati\/\"\n\t\t\t\t\tclass              = \"mpfy-pin mpfy-pin-id-1728 no_link mpfy-external-link\"\n\t\t\t\t\tdata-id            = \"1728\"\n\t\t\t\t\tdata-mapify-action = \"openPopup\"\n\t\t\t\t\tdata-mapify-value  = \"1728\">\n\t\t\t\t\t&nbsp;\n\t\t\t\t<\/a>\n\n\t\t\t\t\n\t\t<\/div>\n\n\t\t<div class=\"mpfy-map-canvas-shell\">\n\t\t\t<div id=\"mpfy-canvas-0\" class=\"mpfy-map-canvas\" style=\"overflow: hidden; height: 300px\"><\/div>\n\t\t\t<div class=\"mpfy-map-controls\">\n\n\t\t\t\t\n\t\t\t\t\n\t\t\t\t\t<div class=\"mpfy-zoom\">\n\t\t\t\t\t\t<a href=\"#\" class=\"mpfy-zoom-in\"><\/a>\n\t\t\t\t\t\t<a href=\"#\" class=\"mpfy-zoom-out\"><\/a>\n\t\t\t\t\t<\/div><!-- \/.mpfy-zoom -->\n\n\t\t\t\t\n\t\t\t<\/div><!-- \/.mpfy-map-controls -->\n\t\t<\/div>\n\n\t\t\n\t\t\t<\/div>\n\n\t\n<\/div>\n\n[\/spb_text_block] [boxed_content title=&#8221;CONTATTI&#8221; type=&#8221;coloured&#8221; custom_bg_colour=&#8221;#666666&#8243; pb_margin_bottom=&#8221;yes&#8221; width=&#8221;1\/1&#8243; el_position=&#8221;first last&#8221;]\n<i class=\"ss-location sf-icon sf-icon-float-left sf-icon-xxsmall sf-icon-icon-four\"><\/i>\u00a0Via\u00a0Col. Attilio Moneta<br \/>\n28854 Malesco (VB)<br \/>\n<i class=\"ss-phone sf-icon sf-icon-float-left sf-icon-xxsmall sf-icon-icon-four\"><\/i> 0324.92444<br \/>\n<i class=\"ss-mail sf-icon sf-icon-float-left sf-icon-xxsmall sf-icon-icon-four\"><\/i> <a href=\"mailto:info@ecomuseomalesco.it\">write us<\/a><\/p>\n[\/boxed_content] [boxed_content type=&#8221;whitestroke&#8221; pb_margin_bottom=&#8221;yes&#8221; width=&#8221;1\/1&#8243; el_position=&#8221;first last&#8221;]\n<h3>TIMETABLES<\/h3>\n<p><span id=\"result_box\" class=\"\" lang=\"en\"><span class=\"\">The House is now a private residence and is therefore only visible externally.<\/span><\/span><span id=\"result_box\" class=\"\" lang=\"en\"><\/span><\/p>\n<p><span class=\"\">Visible externally throughout the year.<\/span><\/p>\n[\/boxed_content] [\/spb_column] [spb_text_block pb_margin_bottom=&#8221;no&#8221; pb_border_bottom=&#8221;no&#8221; width=&#8221;1\/1&#8243; el_position=&#8221;first last&#8221;]\n<div class=\"share-links curved-bar-styling clearfix\"><div class=\"share-text\">Share this:<\/div><ul class=\"social-icons\"><li class=\"facebook\"><a href=\"http:\/\/www.facebook.com\/sharer.php?u=https:\/\/ecomuseomalesco.it\/en\/house-giovan-maria-salati\/\" class=\"post_share_facebook\" onclick=\"javascript:window.open(this.href,\n\t\t\t      '', 'menubar=no,toolbar=no,resizable=yes,scrollbars=yes,height=220,width=600');return false;\"><i class=\"fab fa-facebook\"><\/i><i class=\"fab fa-facebook\"><\/i><\/a><\/li><li class=\"twitter\"><a href=\"https:\/\/twitter.com\/share?url=https:\/\/ecomuseomalesco.it\/en\/house-giovan-maria-salati\/\" onclick=\"javascript:window.open(this.href,\n\t\t\t      '', 'menubar=no,toolbar=no,resizable=yes,scrollbars=yes,height=260,width=600');return false;\" class=\"product_share_twitter\"><i class=\"fab fa-twitter\"><\/i><i class=\"fab fa-twitter\"><\/i><\/a><\/li>  <li class=\"googleplus\"><a href=\"https:\/\/plus.google.com\/share?url=https:\/\/ecomuseomalesco.it\/en\/house-giovan-maria-salati\/\" onclick=\"javascript:window.open(this.href,\n\t\t\t      '', 'menubar=no,toolbar=no,resizable=yes,scrollbars=yes,height=600,width=600');return false;\"><i class=\"fab fa-google-plus\"><\/i><i class=\"fab fa-google-plus\"><\/i><\/a><\/li><li class=\"pinterest\"><a href=\"http:\/\/pinterest.com\/pin\/create\/button\/?url=https:\/\/ecomuseomalesco.it\/en\/house-giovan-maria-salati\/&media=https:\/\/ecomuseomalesco.it\/wp-content\/uploads\/2016\/07\/m26_riotti_ecomuseo-malesco.jpg&description=The House of Giovan Maria Salati\" onclick=\"javascript:window.open(this.href,\n\t\t  '', 'menubar=no,toolbar=no,resizable=yes,scrollbars=yes,height=320,width=600');return false;\"><i class=\"fab fa-pinterest\"><\/i><i class=\"fab fa-pinterest\"><\/i><\/a><\/li><li class=\"mail\"><a href=\"mailto:?subject=The+House+of+Giovan+Maria+Salati&body=[spb_row wrap_type=&#8221;content-width&#8221; row_bg_type=&#8221;color&#8221; color_row_height=&#8221;content-height&#8221; bg_type=&#8221;cover&#8221; parallax_image_height=&#8221;content-height&#8221; parallax_image_movement=&#8221;fixed&#8221; parallax_image_speed=&#8221;0.5&#8243; parallax_video_height=&#8221;window-height&#8221; parallax_video_overlay=&#8221;none&#8221; row_overlay_opacity=&#8221;0&#8243; row_padding_vertical=&#8221;0&#8243; row_padding_horizontal=&#8221;0&#8243; row_margin_vertical=&#8221;0&#8243; remove_element_spacing=&#8221;no&#8221; inner_column_height=&#8221;col-natural&#8221; width=&#8221;1\/1&#8243; el_position=&#8221;first last&#8221;] [spb_single_image image=&#8221;732&#8243; image_size=&#8221;medium&#8221; frame=&#8221;glowframe&#8221; intro_animation=&#8221;fade-from-bottom&#8221; full_width=&#8221;yes&#8221; lightbox=&#8221;no&#8221; link_target=&#8221;_self&#8221; caption=&#8221;The House of Giovan Maria Salati&#8221; width=&#8221;1\/1&#8243; el_position=&#8221;first last&#8221;] [\/spb_row] [spb_column width=&#8221;2\/3&#8243; el_position=&#8221;first&#8221;] [spb_text_block title=&#8221;The House of Giovan Maria Salati&#8221; pb_margin_bottom=&#8221;no&#8221; pb_border_bottom=&#8221;no&#8221; width=&#8221;1\/1&#8243; el_position=&#8221;first last&#8221;] The House of Giovan Maria Salati is located [&hellip;] https:\/\/ecomuseomalesco.it\/en\/house-giovan-maria-salati\/\" class=\"product_share_email\"><i class=\"ss-mail\"><\/i><i class=\"ss-mail\"><\/i><\/a><\/li><\/ul><\/div>\n[\/spb_text_block]\n","protected":false},"excerpt":{"rendered":"<p>[spb_row wrap_type=&#8221;content-width&#8221; row_bg_type=&#8221;color&#8221; color_row_height=&#8221;content-height&#8221; bg_type=&#8221;cover&#8221; parallax_image_height=&#8221;content-height&#8221; parallax_image_movement=&#8221;fixed&#8221; parallax_image_speed=&#8221;0.5&#8243; parallax_video_height=&#8221;window-height&#8221; parallax_video_overlay=&#8221;none&#8221; row_overlay_opacity=&#8221;0&#8243; row_padding_vertical=&#8221;0&#8243; row_padding_horizontal=&#8221;0&#8243; row_margin_vertical=&#8221;0&#8243; remove_element_spacing=&#8221;no&#8221; inner_column_height=&#8221;col-natural&#8221; width=&#8221;1\/1&#8243; el_position=&#8221;first last&#8221;] [spb_single_image image=&#8221;732&#8243; image_size=&#8221;medium&#8221; frame=&#8221;glowframe&#8221; intro_animation=&#8221;fade-from-bottom&#8221; full_width=&#8221;yes&#8221; lightbox=&#8221;no&#8221; link_target=&#8221;_self&#8221; caption=&#8221;The House of Giovan Maria Salati&#8221; width=&#8221;1\/1&#8243; el_position=&#8221;first last&#8221;] [\/spb_row] [spb_column width=&#8221;2\/3&#8243; el_position=&#8221;first&#8221;] [spb_text_block title=&#8221;The House of Giovan Maria Salati&#8221; pb_margin_bottom=&#8221;no&#8221; pb_border_bottom=&#8221;no&#8221; width=&#8221;1\/1&#8243; el_position=&#8221;first last&#8221;] The House of Giovan Maria Salati is located [&hellip;]<\/p>\n","protected":false},"author":1,"featured_media":732,"parent":0,"menu_order":0,"comment_status":"closed","ping_status":"closed","template":"","meta":[],"yoast_head":"<!-- This site is optimized with the Yoast SEO plugin v16.8 - https:\/\/yoast.com\/wordpress\/plugins\/seo\/ -->\n<title>The House of Giovan Maria Salati<\/title>\n<meta name=\"description\" content=\"Visit the house of Giovan Maria Salati: the first man who crossed the English Channel in 1817, in via Eria, in Malesco town\" \/>\n<meta name=\"robots\" content=\"index, follow, max-snippet:-1, max-image-preview:large, max-video-preview:-1\" \/>\n<link rel=\"canonical\" href=\"https:\/\/ecomuseomalesco.it\/en\/casa-giovan-maria-salati\/\" \/>\n<meta property=\"og:locale\" content=\"en_US\" \/>\n<meta property=\"og:type\" content=\"article\" \/>\n<meta property=\"og:title\" content=\"The House of Giovan Maria Salati\" \/>\n<meta property=\"og:description\" content=\"Visit the house of Giovan Maria Salati: the first man who crossed the English Channel in 1817, in via Eria, in Malesco town\" \/>\n<meta property=\"og:url\" content=\"https:\/\/ecomuseomalesco.it\/casa-giovan-maria-salati\/\" \/>\n<meta property=\"og:site_name\" content=\"Ecomuseum of Malesco\" \/>\n<meta property=\"article:modified_time\" content=\"2017-06-13T12:22:07+00:00\" \/>\n<meta property=\"og:image\" content=\"https:\/\/ecomuseomalesco.it\/wp-content\/uploads\/2016\/07\/m26_riotti_ecomuseo-malesco.jpg\" \/>\n\t<meta property=\"og:image:width\" content=\"900\" \/>\n\t<meta property=\"og:image:height\" content=\"600\" \/>\n<meta name=\"twitter:card\" content=\"summary\" \/>\n<meta name=\"twitter:label1\" content=\"Est. reading time\" \/>\n\t<meta name=\"twitter:data1\" content=\"3 minutes\" \/>\n<script type=\"application\/ld+json\" class=\"yoast-schema-graph\">{\"@context\":\"https:\/\/schema.org\",\"@graph\":[{\"@type\":\"WebSite\",\"@id\":\"https:\/\/ecomuseomalesco.it\/#website\",\"url\":\"https:\/\/ecomuseomalesco.it\/\",\"name\":\"Ecomuseum of Malesco\",\"description\":\"ed leuzerie e di skerpelit - un museo del tempo e dello spazio\",\"potentialAction\":[{\"@type\":\"SearchAction\",\"target\":{\"@type\":\"EntryPoint\",\"urlTemplate\":\"https:\/\/ecomuseomalesco.it\/?s={search_term_string}\"},\"query-input\":\"required name=search_term_string\"}],\"inLanguage\":\"en-US\"},{\"@type\":\"ImageObject\",\"@id\":\"https:\/\/ecomuseomalesco.it\/casa-giovan-maria-salati\/#primaryimage\",\"inLanguage\":\"en-US\",\"url\":\"https:\/\/ecomuseomalesco.it\/wp-content\/uploads\/2016\/07\/m26_riotti_ecomuseo-malesco.jpg\",\"contentUrl\":\"https:\/\/ecomuseomalesco.it\/wp-content\/uploads\/2016\/07\/m26_riotti_ecomuseo-malesco.jpg\",\"width\":900,\"height\":600,\"caption\":\"casa di Giovan Maria Salati\"},{\"@type\":\"WebPage\",\"@id\":\"https:\/\/ecomuseomalesco.it\/casa-giovan-maria-salati\/#webpage\",\"url\":\"https:\/\/ecomuseomalesco.it\/casa-giovan-maria-salati\/\",\"name\":\"The House of Giovan Maria Salati\",\"isPartOf\":{\"@id\":\"https:\/\/ecomuseomalesco.it\/#website\"},\"primaryImageOfPage\":{\"@id\":\"https:\/\/ecomuseomalesco.it\/casa-giovan-maria-salati\/#primaryimage\"},\"datePublished\":\"2016-11-21T11:42:56+00:00\",\"dateModified\":\"2017-06-13T12:22:07+00:00\",\"description\":\"Visit the house of Giovan Maria Salati: the first man who crossed the English Channel in 1817, in via Eria, in Malesco town\",\"breadcrumb\":{\"@id\":\"https:\/\/ecomuseomalesco.it\/casa-giovan-maria-salati\/#breadcrumb\"},\"inLanguage\":\"en-US\",\"potentialAction\":[{\"@type\":\"ReadAction\",\"target\":[\"https:\/\/ecomuseomalesco.it\/casa-giovan-maria-salati\/\"]}]},{\"@type\":\"BreadcrumbList\",\"@id\":\"https:\/\/ecomuseomalesco.it\/casa-giovan-maria-salati\/#breadcrumb\",\"itemListElement\":[{\"@type\":\"ListItem\",\"position\":1,\"name\":\"Home\",\"item\":\"https:\/\/ecomuseomalesco.it\/\"},{\"@type\":\"ListItem\",\"position\":2,\"name\":\"The House of Giovan Maria Salati\"}]}]}<\/script>\n<!-- \/ Yoast SEO plugin. -->","yoast_head_json":{"title":"The House of Giovan Maria Salati","description":"Visit the house of Giovan Maria Salati: the first man who crossed the English Channel in 1817, in via Eria, in Malesco town","robots":{"index":"index","follow":"follow","max-snippet":"max-snippet:-1","max-image-preview":"max-image-preview:large","max-video-preview":"max-video-preview:-1"},"canonical":"https:\/\/ecomuseomalesco.it\/en\/casa-giovan-maria-salati\/","og_locale":"en_US","og_type":"article","og_title":"The House of Giovan Maria Salati","og_description":"Visit the house of Giovan Maria Salati: the first man who crossed the English Channel in 1817, in via Eria, in Malesco town","og_url":"https:\/\/ecomuseomalesco.it\/casa-giovan-maria-salati\/","og_site_name":"Ecomuseum of Malesco","article_modified_time":"2017-06-13T12:22:07+00:00","og_image":[{"width":900,"height":600,"url":"https:\/\/ecomuseomalesco.it\/wp-content\/uploads\/2016\/07\/m26_riotti_ecomuseo-malesco.jpg","path":"\/home\/ecomus3\/public_html\/wp-content\/uploads\/2016\/07\/m26_riotti_ecomuseo-malesco.jpg","size":"full","id":732,"alt":"casa di Giovan Maria Salati","pixels":540000,"type":"image\/jpeg"}],"twitter_card":"summary","twitter_misc":{"Est. reading time":"3 minutes"},"schema":{"@context":"https:\/\/schema.org","@graph":[{"@type":"WebSite","@id":"https:\/\/ecomuseomalesco.it\/#website","url":"https:\/\/ecomuseomalesco.it\/","name":"Ecomuseum of Malesco","description":"ed leuzerie e di skerpelit - un museo del tempo e dello spazio","potentialAction":[{"@type":"SearchAction","target":{"@type":"EntryPoint","urlTemplate":"https:\/\/ecomuseomalesco.it\/?s={search_term_string}"},"query-input":"required name=search_term_string"}],"inLanguage":"en-US"},{"@type":"ImageObject","@id":"https:\/\/ecomuseomalesco.it\/casa-giovan-maria-salati\/#primaryimage","inLanguage":"en-US","url":"https:\/\/ecomuseomalesco.it\/wp-content\/uploads\/2016\/07\/m26_riotti_ecomuseo-malesco.jpg","contentUrl":"https:\/\/ecomuseomalesco.it\/wp-content\/uploads\/2016\/07\/m26_riotti_ecomuseo-malesco.jpg","width":900,"height":600,"caption":"casa di Giovan Maria Salati"},{"@type":"WebPage","@id":"https:\/\/ecomuseomalesco.it\/casa-giovan-maria-salati\/#webpage","url":"https:\/\/ecomuseomalesco.it\/casa-giovan-maria-salati\/","name":"The House of Giovan Maria Salati","isPartOf":{"@id":"https:\/\/ecomuseomalesco.it\/#website"},"primaryImageOfPage":{"@id":"https:\/\/ecomuseomalesco.it\/casa-giovan-maria-salati\/#primaryimage"},"datePublished":"2016-11-21T11:42:56+00:00","dateModified":"2017-06-13T12:22:07+00:00","description":"Visit the house of Giovan Maria Salati: the first man who crossed the English Channel in 1817, in via Eria, in Malesco town","breadcrumb":{"@id":"https:\/\/ecomuseomalesco.it\/casa-giovan-maria-salati\/#breadcrumb"},"inLanguage":"en-US","potentialAction":[{"@type":"ReadAction","target":["https:\/\/ecomuseomalesco.it\/casa-giovan-maria-salati\/"]}]},{"@type":"BreadcrumbList","@id":"https:\/\/ecomuseomalesco.it\/casa-giovan-maria-salati\/#breadcrumb","itemListElement":[{"@type":"ListItem","position":1,"name":"Home","item":"https:\/\/ecomuseomalesco.it\/"},{"@type":"ListItem","position":2,"name":"The House of Giovan Maria Salati"}]}]}},"acf":[],"_links":{"self":[{"href":"https:\/\/ecomuseomalesco.it\/en\/wp-json\/wp\/v2\/pages\/1576"}],"collection":[{"href":"https:\/\/ecomuseomalesco.it\/en\/wp-json\/wp\/v2\/pages"}],"about":[{"href":"https:\/\/ecomuseomalesco.it\/en\/wp-json\/wp\/v2\/types\/page"}],"author":[{"embeddable":true,"href":"https:\/\/ecomuseomalesco.it\/en\/wp-json\/wp\/v2\/users\/1"}],"replies":[{"embeddable":true,"href":"https:\/\/ecomuseomalesco.it\/en\/wp-json\/wp\/v2\/comments?post=1576"}],"version-history":[{"count":8,"href":"https:\/\/ecomuseomalesco.it\/en\/wp-json\/wp\/v2\/pages\/1576\/revisions"}],"predecessor-version":[{"id":2421,"href":"https:\/\/ecomuseomalesco.it\/en\/wp-json\/wp\/v2\/pages\/1576\/revisions\/2421"}],"wp:featuredmedia":[{"embeddable":true,"href":"https:\/\/ecomuseomalesco.it\/en\/wp-json\/wp\/v2\/media\/732"}],"wp:attachment":[{"href":"https:\/\/ecomuseomalesco.it\/en\/wp-json\/wp\/v2\/media?parent=1576"}],"curies":[{"name":"wp","href":"https:\/\/api.w.org\/{rel}","templated":true}]}}